{"id":3535,"date":"2023-10-13T09:57:21","date_gmt":"2023-10-13T09:57:21","guid":{"rendered":"https:\/\/waterforinjection.com\/sistemi-per-lacqua-per-iniettabili-diffusione-degli-impianti-bram-cor"},"modified":"2026-05-11T15:23:11","modified_gmt":"2026-05-11T15:23:11","slug":"macchinari-impianti-bram-cor-nel-mondo","status":"publish","type":"page","link":"https:\/\/waterforinjection.com\/it\/macchinari-impianti-bram-cor-nel-mondo","title":{"rendered":"SISTEMI WFI &#8211; DIFFUSIONE DEGLI IMPIANTI BRAM-COR"},"content":{"rendered":"<div class=\"et_pb_section_0 et_pb_section et_section_regular et_block_section section_has_divider et_pb_bottom_divider\">\n<div class=\"et_pb_row_0 et_pb_row et_block_row\">\n<div class=\"et_pb_column_0 et_pb_column et_pb_column_4_4 et-last-child et_block_column et_pb_css_mix_blend_mode_passthrough\">\n<div class=\"et_pb_heading_0 et_pb_heading et_pb_module et_block_module\"><div class=\"et_pb_heading_container\"><h1 class=\"et_pb_module_header\">DOVE LAVORANO I NOSTRI IMPIANTI<\/h1><\/div><\/div>\n\n<div class=\"et_pb_code_0 et_pb_code et_pb_text_align_left et_pb_module\"><div class=\"et_pb_code_inner\">\t\t<div id=\"maps-marker-pro-586e51cb\" class=\"maps-marker-pro\" style=\"width: 90%;\">\r\n\t\t\t<div id=\"mmp-map-wrap-586e51cb\" class=\"mmp-map-wrap\">\r\n\t\t\t\t\t\t\t\t\t<div id=\"mmp-panel-586e51cb\" class=\"mmp-panel\"><\/div>\r\n\t\t\t\t\t\t\t\t<div id=\"mmp-map-586e51cb\" class=\"mmp-map\" style=\"height: 700px;\"><\/div>\r\n\t\t\t\t\t\t\t<\/div>\r\n\t\t\t\t\t<\/div>\r\n\t\t<\/div><\/div>\n<\/div>\n<\/div>\n<div class=\"et_pb_bottom_inside_divider et-no-transition\"><\/div><\/div>\n\n<div class=\"et_pb_section_1 et_pb_section et_section_regular et_block_section\">\n<div class=\"et_pb_row_1 et_pb_row et_block_row\">\n<div class=\"et_pb_column_1 et_pb_column et_pb_column_4_4 et-last-child et_block_column et_pb_css_mix_blend_mode_passthrough\">\n<div class=\"et_pb_text_0 et_pb_text et_pb_bg_layout_light et_pb_module et_block_module preset--module--divi-text--default\"><div class=\"et_pb_text_inner\"><h2>I NOSTRI IMPIANTI LAVORANO NELLA TUA DIREZIONE<\/h2>\n<\/div><\/div>\n<\/div>\n<\/div>\n\n<div class=\"et_pb_row_2 et_pb_row et_block_row\">\n<div class=\"et_pb_column_2 et_pb_column et_pb_column_4_4 et-last-child et_block_column et_pb_css_mix_blend_mode_passthrough\">\n<div class=\"et_pb_text_1 et_pb_text et_pb_bg_layout_light et_pb_module et_block_module preset--module--divi-text--default\"><div class=\"et_pb_text_inner\"><h3>Contattaci per richiedere un preventivo<\/h3>\n<\/div><\/div>\n<\/div>\n<\/div>\n\n<div class=\"et_pb_row_3 et_pb_row et_block_row\">\n<div class=\"et_pb_column_3 et_pb_column et_pb_column_1_2 et_block_column et_pb_css_mix_blend_mode_passthrough\">\n<div class=\"et_pb_text_2 et_pb_text et_pb_bg_layout_light et_pb_module et_block_module preset--module--divi-text--default\"><div class=\"et_pb_text_inner\"><p style=\"text-align: justify;\"><span style=\"font-family: tahoma, arial, helvetica, sans-serif; font-size: 12pt;\">I sistemi WFI di BRAM-COR sono utilizzati in tutto il mondo. I nostri progetti mirano a soddisfare tutti i requisiti normativi e di controllo qualit\u00e0 del settore farmaceutico, allineando le apparecchiature WFI alle farmacopee internazionali e avvalendosi di una gestione dei progetti attenta e orientata al cliente. <\/span><\/p>\n<p style=\"text-align: justify;\"><span style=\"font-family: tahoma, arial, helvetica, sans-serif; font-size: 12pt;\"><\/span><\/p>\n<p style=\"text-align: justify;\"><span style=\"font-family: tahoma, arial, helvetica, sans-serif; font-size: 12pt;\">Per richiedere direttamente informazioni e preventivi relativi ai macchinari WFI di Bram-Cor, vi preghiamo di tenere presente che non possiamo fornire preventivi o altre informazioni senza ricevere dal cliente le specifiche tecniche necessarie (dati identificativi e ubicazione, \u2026 qualit\u00e0 dell'acqua, \u2026 tipo di prodotto desiderato, ecc.).<\/span><\/p>\n<div class=\"\" style=\"text-align: justify;\"><span style=\"font-size: 12pt; font-family: tahoma, arial, helvetica, sans-serif;\"><span id=\"result_box\" class=\"\" lang=\"en\">Innanzitutto, le richieste di preventivi per macchinari specifici (come il nostro distillatore a compressione di vapore) devono essere inviate a: <span style=\"color: #0000ff;\"><strong><a style=\"color: #0000ff;\">info@bram-cor.com<\/a><\/strong><\/span><\/span>, <\/span><\/div>\n<div class=\"\" style=\"text-align: justify;\"><span style=\"font-size: 12pt; font-family: tahoma, arial, helvetica, sans-serif;\">mentre le richieste relative a impianti\/progetti chiavi in mano devono essere inviate a:<span style=\"color: #33cccc;\"> <\/span><\/span><\/div>\n<div class=\"\" style=\"text-align: justify;\"><span style=\"color: #0000ff;\"><strong><span style=\"font-size: 12pt; font-family: tahoma, arial, helvetica, sans-serif;\">international@bram-cor.com<\/span><\/strong><\/span><\/div>\n<\/div><\/div>\n\n<div class=\"et_pb_text_3 et_pb_text et_pb_bg_layout_light et_pb_module et_block_module preset--module--divi-text--default\"><div class=\"et_pb_text_inner\"><p style=\"text-align: justify;\"><span style=\"font-family: tahoma, arial, helvetica, sans-serif; font-size: 12pt;\"><\/span><\/p>\n<p style=\"text-align: justify;\"><span style=\"font-family: tahoma, arial, helvetica, sans-serif; font-size: 12pt;\">I sistemi WFI di BRAM-COR sono utilizzati in tutto il mondo. I nostri progetti mirano a soddisfare tutti i requisiti normativi e di controllo qualit\u00e0 del settore farmaceutico, allineando le apparecchiature WFI alle farmacopee internazionali e avvalendosi di una gestione dei progetti attenta e orientata al cliente. <\/span><\/p>\n<p style=\"text-align: justify;\"><span style=\"font-family: tahoma, arial, helvetica, sans-serif; font-size: 12pt;\"><\/span><\/p>\n<div>\n<div>\n<div><span style=\"font-size: 12pt; font-family: tahoma, arial, helvetica, sans-serif;\"><span id=\"result_box\" lang=\"en\">La vita in fabbrica e la realizzazione delle attrezzature sono documentate anche dai nostri video sul canale YouTube: <\/span><\/span><\/div>\n<div><span style=\"font-size: 12pt; font-family: tahoma, arial, helvetica, sans-serif;\"><span id=\"result_box\" lang=\"en\"><span class=\"hps atn\"> <\/span><\/span><\/span><\/div>\n<div><strong><span style=\"font-size: 12pt; font-family: tahoma, arial, helvetica, sans-serif;\"><span id=\"result_box\" lang=\"en\"><a title=\"Bram-Cor Pharmaceutical Equipment [Factory Tales]\" href=\"https:\/\/www.youtube.com\/channel\/UClLnDMnFuCmv4H-jk1v-cvw\" target=\"_blank\" rel=\"noopener noreferrer\">Bram<span class=\"atn\">-<\/span>Cor <span class=\"hps\">Factory<\/span> <span class=\"hps\">Tales<\/span><\/a><\/span><\/span><\/strong><\/div>\n<\/div>\n<\/div>\n<div><\/div>\n<div><\/div>\n<\/div><\/div>\n\n<div class=\"et_pb_text_4 et_pb_text et_pb_bg_layout_light et_pb_module et_block_module preset--module--divi-text--default\"><div class=\"et_pb_text_inner\"><div>\n<p><span style=\"font-size: 12pt; font-family: tahoma, arial, helvetica, sans-serif;\"><em>Indirizzo: <\/em><\/span><\/p>\n<p><span style=\"font-size: 12pt; font-family: tahoma, arial, helvetica, sans-serif;\"><strong>BRAM-COR S.p.A. - <\/strong>Via G. Mercalli 12\/A \u2013 43122 PARMA \u2013 Italy - Tel. 0039 0521 538711 Fax 0039 0521 538770<\/span><\/p>\n<p><strong><span style=\"font-size: 12pt; font-family: tahoma, arial, helvetica, sans-serif;\"><em>Sito Principale: <\/em><a title=\"Sito Bram-Cor\" href=\"https:\/\/www.bram-cor.com\/\" target=\"_blank\" rel=\"noopener noreferrer\">www.bram-cor.com<\/a><\/span><\/strong><\/p>\n<\/div>\n<\/div><\/div>\n<\/div>\n\n<div class=\"et_pb_column_4 et_pb_column et_pb_column_1_2 et-last-child et_block_column et_pb_css_mix_blend_mode_passthrough\">\n\n<div class=\"et_pb_module et_d4_element et_pb_image et_pb_image_0\">\n\t\t\t\t\n\t\t\t\t\n\t\t\t\t\n\t\t\t\t\n\t\t\t\t<span class=\"et_pb_image_wrap \"><img loading=\"lazy\" decoding=\"async\" width=\"1080\" height=\"940\" src=\"https:\/\/waterforinjection.com\/wp-content\/uploads\/2025\/04\/Bram-Cor-VCD-MED-RO-systems-with-SCADA.webp\" alt=\"CPSG - Pure steam generator and multiple effect still\" title=\"Bram-Cor VCD + MED + RO systems with SCADA\" srcset=\"https:\/\/waterforinjection.com\/wp-content\/uploads\/2025\/04\/Bram-Cor-VCD-MED-RO-systems-with-SCADA.webp 1080w, https:\/\/waterforinjection.com\/wp-content\/uploads\/2025\/04\/Bram-Cor-VCD-MED-RO-systems-with-SCADA-980x853.webp 980w, https:\/\/waterforinjection.com\/wp-content\/uploads\/2025\/04\/Bram-Cor-VCD-MED-RO-systems-with-SCADA-480x418.webp 480w\" sizes=\"(min-width: 0px) and (max-width: 480px) 480px, (min-width: 481px) and (max-width: 980px) 980px, (min-width: 981px) 1080px, 100vw\" class=\"wp-image-1976\" \/><\/span>\n\t\t\t<\/div>\n\n<\/div>\n<\/div>\n\n<div class=\"et_pb_row_4 et_pb_row et_block_row\">\n<div class=\"et_pb_column_5 et_pb_column et_pb_column_4_4 et-last-child et_block_column et_pb_css_mix_blend_mode_passthrough\">\n<div class=\"et_pb_text_5 et_pb_text et_pb_bg_layout_light et_pb_module et_block_module preset--module--divi-text--default\"><div class=\"et_pb_text_inner\"><h2>Vicini al cliente, servizio completo<\/h2>\n<\/div><\/div>\n\n<div class=\"et_pb_text_6 et_pb_text et_pb_bg_layout_light et_pb_module et_block_module preset--module--divi-text--default\"><div class=\"et_pb_text_inner\"><p style=\"text-align: justify;\"><span style=\"font-size: 12pt; font-family: tahoma, arial, helvetica, sans-serif;\">Le apparecchiature cGMP di alta qualit\u00e0 di BRAM-COR sono accompagnate da un'ampia gamma di servizi professionali di alto livello, tra cui: documentazione tecnica, collaudo in fabbrica, installazione, messa in servizio, collaudo in loco, test e avviamento, formazione, convalida e assistenza post-vendita. <\/span><\/p>\n<p style=\"text-align: justify;\"><span style=\"font-size: 12pt; font-family: tahoma, arial, helvetica, sans-serif;\">Di conseguenza, la maggior parte della nostra attivit\u00e0 si svolge con clienti di lunga data; una stretta collaborazione con i nostri clienti \u00e8 quindi al centro della nostra filosofia aziendale. Il contatto diretto con l'utente finale garantisce cos\u00ec il massimo impegno in ogni rapporto a lungo termine. <\/span><\/p>\n<\/div><\/div>\n<\/div>\n<\/div>\n<\/div>\n\n<div class=\"et_pb_section_2 et_pb_section et_section_regular et_block_section\">\n<div class=\"et_pb_row_5 et_pb_row et_block_row\">\n<div class=\"et_pb_column_6 et_pb_column et_pb_column_4_4 et-last-child et_block_column et_pb_css_mix_blend_mode_passthrough\">\n<div class=\"et_pb_text_7 et_pb_text et_pb_bg_layout_light et_pb_module et_block_module preset--module--divi-text--default\"><div class=\"et_pb_text_inner\"><h2>Qualit\u00e0 Bram-Cor . Certificazioni<\/h2>\n<\/div><\/div>\n\n<div class=\"et_pb_text_8 et_pb_text et_pb_bg_layout_light et_pb_module et_block_module preset--module--divi-text--default\"><div class=\"et_pb_text_inner\"><p style=\"text-align: left;\"><strong>Siamo lieti di poter competere sul mercato con un solido impegno in materia di sostenibilit\u00e0, grazie alla nostra volont\u00e0 di offrire ai nostri clienti e alle aziende farmaceutiche la certezza di poter contare su apparecchiature conformi agli standard di qualit\u00e0 pi\u00f9 rigorosi.<\/strong><\/p>\n<p style=\"text-align: justify;\"><span><\/span><\/p>\n<\/div><\/div>\n\n<div class=\"et_pb_gallery_0 et_pb_gallery et_pb_bg_layout_light et_pb_gallery_grid et_pb_module\" data-auto-rotate=\"off\" data-auto-rotate-speed=\"\"><div class=\"et_pb_gallery_items et_post_gallery clearfix et_grid_module\" data-per_page=\"4\"><div class=\"et_pb_gallery_item et_pb_grid_item et_pb_gallery_item_0_0\"><div class=\"et_pb_gallery_image portrait\" data-per_page=\"4\"><a href=\"https:\/\/waterforinjection.com\/wp-content\/uploads\/2026\/05\/BRAM-COR-ISO-9001-CERT7692REV010-ITA-EN.jpg\" title=\"BRAM-COR ISO 9001 - CERT7692REV010 ITA-EN\"><img loading=\"lazy\" decoding=\"async\" width=\"400\" height=\"516\" src=\"https:\/\/waterforinjection.com\/wp-content\/uploads\/2026\/05\/BRAM-COR-ISO-9001-CERT7692REV010-ITA-EN-400x516.jpg\" alt=\"\" class=\"wp-image-3610\" srcset=\"https:\/\/waterforinjection.com\/wp-content\/uploads\/2026\/05\/BRAM-COR-ISO-9001-CERT7692REV010-ITA-EN.jpg 479w, https:\/\/waterforinjection.com\/wp-content\/uploads\/2026\/05\/BRAM-COR-ISO-9001-CERT7692REV010-ITA-EN-400x516.jpg 480w\" sizes=\"(max-width:479px) 479px, 100vw\" \/><span class=\"et_overlay\" data-icon=\"\" data-icon-tablet=\"\" data-icon-phone=\"\"><\/span><\/a><\/div><\/div><div class=\"et_pb_gallery_item et_pb_grid_item et_pb_gallery_item_0_1\"><div class=\"et_pb_gallery_image portrait\" data-per_page=\"4\"><a href=\"https:\/\/waterforinjection.com\/wp-content\/uploads\/2026\/05\/S-STAMP-2029-107930-BPV-CERTS-4.22.26-CD-web.jpg\" title=\"S-STAMP 2029 107930-BPV CERTS-4.22.26 CD-web\"><img loading=\"lazy\" decoding=\"async\" width=\"400\" height=\"516\" src=\"https:\/\/waterforinjection.com\/wp-content\/uploads\/2026\/05\/S-STAMP-2029-107930-BPV-CERTS-4.22.26-CD-web-400x516.jpg\" alt=\"\" class=\"wp-image-3611\" srcset=\"https:\/\/waterforinjection.com\/wp-content\/uploads\/2026\/05\/S-STAMP-2029-107930-BPV-CERTS-4.22.26-CD-web.jpg 479w, https:\/\/waterforinjection.com\/wp-content\/uploads\/2026\/05\/S-STAMP-2029-107930-BPV-CERTS-4.22.26-CD-web-400x516.jpg 480w\" sizes=\"(max-width:479px) 479px, 100vw\" \/><span class=\"et_overlay\" data-icon=\"\" data-icon-tablet=\"\" data-icon-phone=\"\"><\/span><\/a><\/div><\/div><div class=\"et_pb_gallery_item et_pb_grid_item et_pb_gallery_item_0_2\"><div class=\"et_pb_gallery_image portrait\" data-per_page=\"4\"><a href=\"https:\/\/waterforinjection.com\/wp-content\/uploads\/2026\/05\/U-STAMP-2029107930-BPV-CERTS-4.22.26-CD-web.jpg\" title=\"U -STAMP 2029107930-BPV CERTS-4.22.26 CD-web\"><img loading=\"lazy\" decoding=\"async\" width=\"400\" height=\"516\" src=\"https:\/\/waterforinjection.com\/wp-content\/uploads\/2026\/05\/U-STAMP-2029107930-BPV-CERTS-4.22.26-CD-web-400x516.jpg\" alt=\"\" class=\"wp-image-3612\" srcset=\"https:\/\/waterforinjection.com\/wp-content\/uploads\/2026\/05\/U-STAMP-2029107930-BPV-CERTS-4.22.26-CD-web.jpg 479w, https:\/\/waterforinjection.com\/wp-content\/uploads\/2026\/05\/U-STAMP-2029107930-BPV-CERTS-4.22.26-CD-web-400x516.jpg 480w\" sizes=\"(max-width:479px) 479px, 100vw\" \/><span class=\"et_overlay\" data-icon=\"\" data-icon-tablet=\"\" data-icon-phone=\"\"><\/span><\/a><\/div><\/div><div class=\"et_pb_gallery_item et_pb_grid_item et_pb_gallery_item_0_3\"><div class=\"et_pb_gallery_image portrait\" data-per_page=\"4\"><a href=\"https:\/\/waterforinjection.com\/wp-content\/uploads\/2026\/05\/ecovadis-medal-2025-800.webp\" title=\"ecovadis - medal 2025-800\"><img loading=\"lazy\" decoding=\"async\" width=\"400\" height=\"516\" src=\"https:\/\/waterforinjection.com\/wp-content\/uploads\/2026\/05\/ecovadis-medal-2025-800-400x516.webp\" alt=\"\" class=\"wp-image-3613\" srcset=\"https:\/\/waterforinjection.com\/wp-content\/uploads\/2026\/05\/ecovadis-medal-2025-800.webp 479w, https:\/\/waterforinjection.com\/wp-content\/uploads\/2026\/05\/ecovadis-medal-2025-800-400x516.webp 480w\" sizes=\"(max-width:479px) 479px, 100vw\" \/><span class=\"et_overlay\" data-icon=\"\" data-icon-tablet=\"\" data-icon-phone=\"\"><\/span><\/a><\/div><\/div><\/div><div class=\"et_pb_gallery_pagination\"><\/div><\/div>\n<\/div>\n<\/div>\n<\/div>","protected":false},"excerpt":{"rendered":"","protected":false},"author":1,"featured_media":0,"parent":0,"menu_order":0,"comment_status":"closed","ping_status":"closed","template":"","meta":{"_et_pb_use_builder":"on","_et_pb_old_content":"","_et_gb_content_width":"","footnotes":""},"class_list":["post-3535","page","type-page","status-publish","hentry"],"yoast_head":"<!-- This site is optimized with the Yoast SEO plugin v27.6 - https:\/\/yoast.com\/product\/yoast-seo-wordpress\/ -->\n<title>WFI EQUIPMENT GMP REFERENCE STANDARDS - BRAM-COR<\/title>\n<meta name=\"description\" content=\"Aligning our WFI equipment GMP reference standards to the most restrictive URS, our project drivers are aimed to satisfying all international Pharmacopoeias\" \/>\n<meta name=\"robots\" content=\"index, follow, max-snippet:-1, max-image-preview:large, max-video-preview:-1\" \/>\n<link rel=\"canonical\" href=\"https:\/\/waterforinjection.com\/it\/macchinari-impianti-bram-cor-nel-mondo\" \/>\n<meta property=\"og:locale\" content=\"it_IT\" \/>\n<meta property=\"og:type\" content=\"article\" \/>\n<meta property=\"og:title\" content=\"WFI EQUIPMENT GMP REFERENCE STANDARDS - BRAM-COR\" \/>\n<meta property=\"og:description\" content=\"Aligning our WFI equipment GMP reference standards to the most restrictive URS, our project drivers are aimed to satisfying all international Pharmacopoeias\" \/>\n<meta property=\"og:url\" content=\"https:\/\/waterforinjection.com\/it\/macchinari-impianti-bram-cor-nel-mondo\" \/>\n<meta property=\"og:site_name\" content=\"Water for Injection Systems\" \/>\n<meta property=\"article:modified_time\" content=\"2026-05-11T15:23:11+00:00\" \/>\n<meta name=\"twitter:card\" content=\"summary_large_image\" \/>\n<script type=\"application\/ld+json\" class=\"yoast-schema-graph\">{\"@context\":\"https:\\\/\\\/schema.org\",\"@graph\":[{\"@type\":\"WebPage\",\"@id\":\"https:\\\/\\\/waterforinjection.com\\\/it\\\/macchinari-impianti-bram-cor-nel-mondo\",\"url\":\"https:\\\/\\\/waterforinjection.com\\\/it\\\/macchinari-impianti-bram-cor-nel-mondo\",\"name\":\"WFI EQUIPMENT GMP REFERENCE STANDARDS - BRAM-COR\",\"isPartOf\":{\"@id\":\"https:\\\/\\\/waterforinjection.com\\\/it#website\"},\"datePublished\":\"2023-10-13T09:57:21+00:00\",\"dateModified\":\"2026-05-11T15:23:11+00:00\",\"description\":\"Aligning our WFI equipment GMP reference standards to the most restrictive URS, our project drivers are aimed to satisfying all international Pharmacopoeias\",\"breadcrumb\":{\"@id\":\"https:\\\/\\\/waterforinjection.com\\\/it\\\/macchinari-impianti-bram-cor-nel-mondo#breadcrumb\"},\"inLanguage\":\"it-IT\",\"potentialAction\":[{\"@type\":\"ReadAction\",\"target\":[\"https:\\\/\\\/waterforinjection.com\\\/it\\\/macchinari-impianti-bram-cor-nel-mondo\"]}]},{\"@type\":\"BreadcrumbList\",\"@id\":\"https:\\\/\\\/waterforinjection.com\\\/it\\\/macchinari-impianti-bram-cor-nel-mondo#breadcrumb\",\"itemListElement\":[{\"@type\":\"ListItem\",\"position\":1,\"name\":\"Home\",\"item\":\"https:\\\/\\\/waterforinjection.com\\\/it\"},{\"@type\":\"ListItem\",\"position\":2,\"name\":\"SISTEMI WFI &#8211; DIFFUSIONE DEGLI IMPIANTI BRAM-COR\"}]},{\"@type\":\"WebSite\",\"@id\":\"https:\\\/\\\/waterforinjection.com\\\/it#website\",\"url\":\"https:\\\/\\\/waterforinjection.com\\\/it\",\"name\":\"Water for Injection Systems\",\"description\":\"producing IV Fluids and Solutions\",\"publisher\":{\"@id\":\"https:\\\/\\\/waterforinjection.com\\\/it#organization\"},\"potentialAction\":[{\"@type\":\"SearchAction\",\"target\":{\"@type\":\"EntryPoint\",\"urlTemplate\":\"https:\\\/\\\/waterforinjection.com\\\/it?s={search_term_string}\"},\"query-input\":{\"@type\":\"PropertyValueSpecification\",\"valueRequired\":true,\"valueName\":\"search_term_string\"}}],\"inLanguage\":\"it-IT\"},{\"@type\":\"Organization\",\"@id\":\"https:\\\/\\\/waterforinjection.com\\\/it#organization\",\"name\":\"Water for Injection Systems\",\"url\":\"https:\\\/\\\/waterforinjection.com\\\/it\",\"logo\":{\"@type\":\"ImageObject\",\"inLanguage\":\"it-IT\",\"@id\":\"https:\\\/\\\/waterforinjection.com\\\/it#\\\/schema\\\/logo\\\/image\\\/\",\"url\":\"https:\\\/\\\/waterforinjection.com\\\/wp-content\\\/uploads\\\/2019\\\/09\\\/logo_bramcor_640px-Trasparente.png\",\"contentUrl\":\"https:\\\/\\\/waterforinjection.com\\\/wp-content\\\/uploads\\\/2019\\\/09\\\/logo_bramcor_640px-Trasparente.png\",\"width\":640,\"height\":93,\"caption\":\"Water for Injection Systems\"},\"image\":{\"@id\":\"https:\\\/\\\/waterforinjection.com\\\/it#\\\/schema\\\/logo\\\/image\\\/\"}}]}<\/script>\n<!-- \/ Yoast SEO plugin. -->","yoast_head_json":{"title":"WFI EQUIPMENT GMP REFERENCE STANDARDS - BRAM-COR","description":"Aligning our WFI equipment GMP reference standards to the most restrictive URS, our project drivers are aimed to satisfying all international Pharmacopoeias","robots":{"index":"index","follow":"follow","max-snippet":"max-snippet:-1","max-image-preview":"max-image-preview:large","max-video-preview":"max-video-preview:-1"},"canonical":"https:\/\/waterforinjection.com\/it\/macchinari-impianti-bram-cor-nel-mondo","og_locale":"it_IT","og_type":"article","og_title":"WFI EQUIPMENT GMP REFERENCE STANDARDS - BRAM-COR","og_description":"Aligning our WFI equipment GMP reference standards to the most restrictive URS, our project drivers are aimed to satisfying all international Pharmacopoeias","og_url":"https:\/\/waterforinjection.com\/it\/macchinari-impianti-bram-cor-nel-mondo","og_site_name":"Water for Injection Systems","article_modified_time":"2026-05-11T15:23:11+00:00","twitter_card":"summary_large_image","schema":{"@context":"https:\/\/schema.org","@graph":[{"@type":"WebPage","@id":"https:\/\/waterforinjection.com\/it\/macchinari-impianti-bram-cor-nel-mondo","url":"https:\/\/waterforinjection.com\/it\/macchinari-impianti-bram-cor-nel-mondo","name":"WFI EQUIPMENT GMP REFERENCE STANDARDS - BRAM-COR","isPartOf":{"@id":"https:\/\/waterforinjection.com\/it#website"},"datePublished":"2023-10-13T09:57:21+00:00","dateModified":"2026-05-11T15:23:11+00:00","description":"Aligning our WFI equipment GMP reference standards to the most restrictive URS, our project drivers are aimed to satisfying all international Pharmacopoeias","breadcrumb":{"@id":"https:\/\/waterforinjection.com\/it\/macchinari-impianti-bram-cor-nel-mondo#breadcrumb"},"inLanguage":"it-IT","potentialAction":[{"@type":"ReadAction","target":["https:\/\/waterforinjection.com\/it\/macchinari-impianti-bram-cor-nel-mondo"]}]},{"@type":"BreadcrumbList","@id":"https:\/\/waterforinjection.com\/it\/macchinari-impianti-bram-cor-nel-mondo#breadcrumb","itemListElement":[{"@type":"ListItem","position":1,"name":"Home","item":"https:\/\/waterforinjection.com\/it"},{"@type":"ListItem","position":2,"name":"SISTEMI WFI &#8211; DIFFUSIONE DEGLI IMPIANTI BRAM-COR"}]},{"@type":"WebSite","@id":"https:\/\/waterforinjection.com\/it#website","url":"https:\/\/waterforinjection.com\/it","name":"Water for Injection Systems","description":"producing IV Fluids and Solutions","publisher":{"@id":"https:\/\/waterforinjection.com\/it#organization"},"potentialAction":[{"@type":"SearchAction","target":{"@type":"EntryPoint","urlTemplate":"https:\/\/waterforinjection.com\/it?s={search_term_string}"},"query-input":{"@type":"PropertyValueSpecification","valueRequired":true,"valueName":"search_term_string"}}],"inLanguage":"it-IT"},{"@type":"Organization","@id":"https:\/\/waterforinjection.com\/it#organization","name":"Water for Injection Systems","url":"https:\/\/waterforinjection.com\/it","logo":{"@type":"ImageObject","inLanguage":"it-IT","@id":"https:\/\/waterforinjection.com\/it#\/schema\/logo\/image\/","url":"https:\/\/waterforinjection.com\/wp-content\/uploads\/2019\/09\/logo_bramcor_640px-Trasparente.png","contentUrl":"https:\/\/waterforinjection.com\/wp-content\/uploads\/2019\/09\/logo_bramcor_640px-Trasparente.png","width":640,"height":93,"caption":"Water for Injection Systems"},"image":{"@id":"https:\/\/waterforinjection.com\/it#\/schema\/logo\/image\/"}}]}},"_links":{"self":[{"href":"https:\/\/waterforinjection.com\/it\/wp-json\/wp\/v2\/pages\/3535","targetHints":{"allow":["GET"]}}],"collection":[{"href":"https:\/\/waterforinjection.com\/it\/wp-json\/wp\/v2\/pages"}],"about":[{"href":"https:\/\/waterforinjection.com\/it\/wp-json\/wp\/v2\/types\/page"}],"author":[{"embeddable":true,"href":"https:\/\/waterforinjection.com\/it\/wp-json\/wp\/v2\/users\/1"}],"replies":[{"embeddable":true,"href":"https:\/\/waterforinjection.com\/it\/wp-json\/wp\/v2\/comments?post=3535"}],"version-history":[{"count":18,"href":"https:\/\/waterforinjection.com\/it\/wp-json\/wp\/v2\/pages\/3535\/revisions"}],"predecessor-version":[{"id":3621,"href":"https:\/\/waterforinjection.com\/it\/wp-json\/wp\/v2\/pages\/3535\/revisions\/3621"}],"wp:attachment":[{"href":"https:\/\/waterforinjection.com\/it\/wp-json\/wp\/v2\/media?parent=3535"}],"curies":[{"name":"wp","href":"https:\/\/api.w.org\/{rel}","templated":true}]}}